{"id":10207,"date":"2020-08-14T18:05:37","date_gmt":"2020-08-14T21:05:37","guid":{"rendered":"https:\/\/obeabadosertao.com.br\/portal\/?page_id=10207"},"modified":"2020-08-17T13:38:11","modified_gmt":"2020-08-17T16:38:11","slug":"walter-sarmento","status":"publish","type":"page","link":"https:\/\/obeabadosertao.com.br\/portal\/walter-sarmento\/","title":{"rendered":"Walter Sarmento"},"content":{"rendered":"<div id=\"tt-temp-estim\">Tempo de leitura: 1 minuto<\/div><blockquote><p><strong>Walter Sarmento \u00e9 banc\u00e1rio aposentado do Banco do Brasil e Dirigente da Institui\u00e7\u00e3o Filantr\u00f3pica \u201cA Casa do Caminho\u201d\u2026<\/strong><\/p><\/blockquote>\n<p><strong>Na Travessia das Provas<\/strong><\/p>\n<p>Conserva as diretrizes do bem.<br \/>\nE segue com Deus.<br \/>\nAge.<br \/>\nDeus te inspira.<br \/>\nCala-te.<br \/>\nDeus falar\u00e1 por ti no idioma das circunst\u00e2ncias.<br \/>\nN\u00e3o tremas.<br \/>\nDeus est\u00e1 velando.<br \/>\nTrabalha e auxilia aos outros.<br \/>\nDeus trabalha por ti.<\/p>\n<p><strong>Emmanuel<\/strong><\/p>\n<p><strong>Segue com Deus<\/strong><\/p>\n<p>N\u00e3o temas o caminho;<br \/>\nOnde o bem permanece, Deus est\u00e1.<br \/>\nTrabalha e serve sempre;<br \/>\nDeus te inspira e resguarda.<br \/>\nN\u00e3o receies perigos;<br \/>\nDeus te garante a paz.<br \/>\nSangram-te os p\u00e9s na marcha;<br \/>\nDeus te trar\u00e1 descanso.<br \/>\nCompanheiros se foram;<br \/>\nDeus jamais te abandona.<br \/>\nPor nada te amedrontes;<br \/>\nSegue e confia em Deus<\/p>\n<p><strong>Emmanuel<\/strong><\/p>\n","protected":false},"excerpt":{"rendered":"<p>Tempo de leitura: 1 minutoWalter Sarmento \u00e9 banc\u00e1rio aposentado do Banco do Brasil e Dirigente da Institui\u00e7\u00e3o Filantr\u00f3pica \u201cA Casa [&hellip;]<\/p>\n","protected":false},"author":2,"featured_media":119,"parent":0,"menu_order":0,"comment_status":"closed","ping_status":"closed","template":"colaboradores.php","meta":[],"_links":{"self":[{"href":"https:\/\/obeabadosertao.com.br\/portal\/wp-json\/wp\/v2\/pages\/10207"}],"collection":[{"href":"https:\/\/obeabadosertao.com.br\/portal\/wp-json\/wp\/v2\/pages"}],"about":[{"href":"https:\/\/obeabadosertao.com.br\/portal\/wp-json\/wp\/v2\/types\/page"}],"author":[{"embeddable":true,"href":"https:\/\/obeabadosertao.com.br\/portal\/wp-json\/wp\/v2\/users\/2"}],"replies":[{"embeddable":true,"href":"https:\/\/obeabadosertao.com.br\/portal\/wp-json\/wp\/v2\/comments?post=10207"}],"version-history":[{"count":7,"href":"https:\/\/obeabadosertao.com.br\/portal\/wp-json\/wp\/v2\/pages\/10207\/revisions"}],"predecessor-version":[{"id":10332,"href":"https:\/\/obeabadosertao.com.br\/portal\/wp-json\/wp\/v2\/pages\/10207\/revisions\/10332"}],"wp:featuredmedia":[{"embeddable":true,"href":"https:\/\/obeabadosertao.com.br\/portal\/wp-json\/wp\/v2\/media\/119"}],"wp:attachment":[{"href":"https:\/\/obeabadosertao.com.br\/portal\/wp-json\/wp\/v2\/media?parent=10207"}],"curies":[{"name":"wp","href":"https:\/\/api.w.org\/{rel}","templated":true}]}}