{"id":10339,"date":"2020-08-17T14:08:59","date_gmt":"2020-08-17T17:08:59","guid":{"rendered":"https:\/\/obeabadosertao.com.br\/portal\/?page_id=10339"},"modified":"2020-08-17T14:08:59","modified_gmt":"2020-08-17T17:08:59","slug":"sady-fernandes","status":"publish","type":"page","link":"https:\/\/obeabadosertao.com.br\/portal\/sady-fernandes\/","title":{"rendered":"Sady Fernandes"},"content":{"rendered":"<div id=\"tt-temp-estim\">Tempo de leitura: 3 minutos<\/div><blockquote><p><strong>Sady Fernandes de Arag\u00e3o J\u00fanior \u00e9 Engenheiro Agr\u00f4nomo e Perito Criminal do Governo do Estado de Rond\u00f4nia.<\/strong><\/p><\/blockquote>\n<p>\u00a0<\/p>\n<p><strong>O segundo significado de an\u00f3dino<\/strong><\/p>\n<p>O militante disse entre confuso e indignado \u201c<em>o companheiro est\u00e1 t\u00e3o acomodado com a estabilishiment que n\u00e3o consigo identificar a que grupamento ideol\u00f3gico voc\u00ea pertence<\/em>\u201d.<\/p>\n<p>Dou-me por satisfeito em ratific\u00e1-lo, posto que nem mesmo sei a que id\u00e9ias, ideais e ideologia perten\u00e7o.<\/p>\n<p>Talvez por utilitarismo, muito me tem valido o conhecimento de coisas objetivas, como a massa b\u00e1sica de p\u00e3o ou o molho bechamel, ao passo que quimeras s\u00e3o inalcan\u00e7\u00e1veis para mim. Mas, num mundo de r\u00f3tulos, por livre, rotulo-me de an\u00f3dino. Um r\u00f3tulo desbotado colado com cuspe em uma garrafa de fuma\u00e7a esvanecendo-se no ar. E, se necess\u00e1rio se faz, ato-me ao segundo significado de an\u00f3dino, a saber: pouco eficaz, sem import\u00e2ncia ou interesse especial, banal, insignificante, med\u00edocre. Mesmo porque, n\u00e3o me atreveria a assumir o primeiro sentido do \u00e9timo, que refere-se a mitigar ou fazer cessar a dor. O que n\u00e3o seria de todo falso, pois n\u00f3s os z\u00e9s-ningu\u00e9m pouco ou nada perturbamos a ordem e muita dor mitigamos por simplesmente n\u00e3o provoc\u00e1-las. E, talvez pela mania de classificar, poderia asseverar pertencermos eu e outros ao an\u00f4nimo grupo dos an\u00f3dinos, a respeito dos quais agora escreverei.<\/p>\n<div class=\"google-auto-placed ap_container\"><ins class=\"adsbygoogle adsbygoogle-noablate\" data-ad-format=\"auto\" data-ad-client=\"ca-pub-4843574473673264\" data-adsbygoogle-status=\"done\"><ins id=\"aswift_5_expand\"><ins id=\"aswift_5_anchor\"><iframe id=\"aswift_5\" src=\"https:\/\/googleads.g.doubleclick.net\/pagead\/ads?client=ca-pub-4843574473673264&#038;output=html&#038;h=90&#038;adk=1826399378&#038;adf=253399278&#038;w=845&#038;fwrn=4&#038;fwrnh=100&#038;lmt=1597684081&#038;num_ads=1&#038;rafmt=1&#038;armr=3&#038;sem=mc&#038;pwprc=6408098386&#038;tp=site_kit&#038;psa=1&#038;guci=2.2.0.0.2.2.0.0&#038;ad_type=text_image&#038;format=845x90&#038;url=https%3A%2F%2Fobeabadosertao.com.br%2Fportal%2F2020%2F07%2F03%2Fsady-fernandes%2F&#038;flash=0&#038;fwr=0&#038;pra=3&#038;rh=200&#038;rw=845&#038;rpe=1&#038;resp_fmts=3&#038;wgl=1&#038;fa=27&#038;adsid=ChAI8NXo-QUQjpSW37fhsp1aEjsA-FBWzviHsVpisCTc-SJBOzBH7chvRPSi1grglgdf3ndlmyr1Ucn9jLiAxfFNR0D8sU5LJlTZjbZ3wg&#038;dt=1597684081927&#038;bpp=2&#038;bdt=715&#038;idt=-M&#038;shv=r20200810&#038;cbv=r20190131&#038;ptt=9&#038;saldr=aa&#038;abxe=1&#038;cookie=ID%3D89e43ed365c62a61%3AT%3D1592577752%3AS%3DALNI_MbvHkjgs6UhHoYFpHNq24jaADTbVg&#038;prev_fmts=0x0%2C255x186%2C255x186%2C255x186%2C540x280&#038;nras=2&#038;correlator=1992531294017&#038;frm=20&#038;pv=1&#038;ga_vid=1310939065.1595418003&#038;ga_sid=1597684082&#038;ga_hid=1059891012&#038;ga_fc=0&#038;iag=0&#038;icsg=2408105738677247&#038;dssz=45&#038;mdo=0&#038;mso=0&#038;u_tz=-180&#038;u_his=2&#038;u_java=0&#038;u_h=1080&#038;u_w=1920&#038;u_ah=1040&#038;u_aw=1920&#038;u_cd=24&#038;u_nplug=3&#038;u_nmime=4&#038;adx=382&#038;ady=959&#038;biw=1903&#038;bih=920&#038;scr_x=0&#038;scr_y=0&#038;eid=42530557%2C42530559%2C21066154%2C21066791%2C21066921%2C21066706%2C21066393&#038;oid=3&#038;pvsid=1882305334987353&#038;pem=47&#038;ref=https%3A%2F%2Fobeabadosertao.com.br%2Fportal%2Fcategory%2Fcolaboradores%2F&#038;rx=0&#038;eae=0&#038;fc=1408&#038;brdim=0%2C0%2C0%2C0%2C1920%2C0%2C1920%2C1040%2C1920%2C920&#038;vis=1&#038;rsz=%7C%7Cs%7C&#038;abl=NS&#038;fu=8320&#038;bc=31&#038;jar=2020-08-17-15&#038;ifi=5&#038;uci=a!5&#038;btvi=5&#038;fsb=1&#038;xpc=IbQ6OnJn7m&#038;p=https%3A\/\/obeabadosertao.com.br&#038;dtd=16\" name=\"aswift_5\" width=\"845\" height=\"90\" frameborder=\"0\" marginwidth=\"0\" marginheight=\"0\" scrolling=\"no\" sandbox=\"allow-forms allow-popups allow-popups-to-escape-sandbox allow-same-origin allow-scripts allow-top-navigation-by-user-activation\" allowfullscreen=\"allowfullscreen\" data-google-container-id=\"a!5\" data-google-query-id=\"CJCk1YHdousCFWRkFQgdl_oE3g\" data-load-complete=\"true\" data-mce-fragment=\"1\"><\/iframe><\/ins><\/ins><\/ins><\/div>\n<p>Cuidar que tenhamos \u00f3dios figadais e paix\u00f5es definitivas \u00e9 cuidado v\u00e3o. Primamos pela fleuma acreditando que nenhuma guerra valha o pre\u00e7o a ser pago por lut\u00e1-la. Somos surdos ao clamor a litig\u00e2ncia e dizemos convictamente \u201c<em>passo<\/em>\u201d. Por nada sermos e a tudo renunciamos, a nossa vida \u00e9 uma rotina de dias est\u00e1veis, cujos amanheceres e anoiteceres s\u00e3o perenes na sua mesmice cambiante. Em n\u00f3s o crescimento \u00e9 vegetativo. Indissoci\u00e1vel do fato de existirmos. E nossa exist\u00eancia \u00e9 o existir de per si. Assim. Sendo. Sem maiores inquietudes quanto ao que somos ou, e \u00e9 isso nos importa, o que os demais s\u00e3o ou pensam que somos, desde que estejamos em paz.<\/p>\n<p>Mas, se a fortuna nos presenteia com recursos, s\u00e3o eles direcionados a cria\u00e7\u00e3o de mais e mais estabilidade e equil\u00edbrio, pois nosso modo de ser repele afoitezas, aventuras, jogatinas, planos mirabolantes, apostas arriscadas, del\u00edrios, euforias, brigas e todos os tipos de eventos estressantes.<\/p>\n<p>Definitivamente, n\u00e3o gostamos de trag\u00e9dias, hist\u00f3rias compridas, lam\u00farias\u2026 o nosso pendor \u00e9 mais para a com\u00e9dia leve que mostre a falta de import\u00e2ncia daquilo que move os lit\u00edgios. Contudo, desgosta-nos rir das desgra\u00e7as alheias, ao passo que, por um sutil deboche, tipo uma piada interna, rimos de n\u00f3s mesmos e das nossas desgra\u00e7as. Por isso, entramos em \u00eaxtase \u00e9 f\u00e1cil. Basta que se apresente A Beleza sem, contudo, termos a veleidade de adonarmo-nos dela. N\u00e3o sendo venturosa nem tr\u00e1gica a nossa exist\u00eancia transcorre an\u00f4nima e n\u00e3o temos sequer a pretens\u00e3o de ser imprescind\u00edveis, insubstitu\u00edveis e importantes.<\/p>\n<p>Vivemos e deixamos viver, pois sabemos que na vida tem a morte. Carregamos pouca coisa ou, idealmente, nada. Erigimos o conceito de \u201c<em>quanto menos bagagem mais f\u00e1cil \u00e9 a viagem<\/em>\u201d ao n\u00edvel de quase dogma, s\u00f3 n\u00e3o o sendo de todo, por nossa natural avers\u00e3o a quaisquer dogmas.<\/p>\n<p>Sabemos a arte da invisibilidade contida no sil\u00eancio, na concord\u00e2ncia e na mod\u00e9stia\u2026 ao mesmo tempo que, raramente, imensa compaix\u00e3o se apodera de n\u00f3s e tentamos demonstrar que melhor vida se tem se nos empenhamos em cooperar com bons projetos e sistemas quase sempre sem nenhum sucesso. \u00c9 princ\u00edpio indiscut\u00edvel que somos todos iguais na nulidade. E nunca vencemos porque n\u00e3o gostamos de derrotados. Assim nossa a\u00e7\u00e3o \u00e9 cheia de momentos desarmados e de encontros afetuosos, cheios de generosidade e alegria.<\/p>\n<p>Sabemos que a vida \u00e9 uma doen\u00e7a terminal e que morreremos dela. O final incontorn\u00e1vel \u00e9 sempre admitido e \u00e9, para n\u00f3s, de muito bom tom falar a respeito da nossa morte, pois entendemos que nunca se trata da morte dos outros, mas sim da admiss\u00e3o da nossa pr\u00f3pria mortalidade e insignific\u00e2ncia, para vivemos a vida de maneira que o ponto final da nossa narrativa existencial seja um discurso fundamentado e que resulte benef\u00edcios a todos.<\/p>\n<p>Por fim, a nossa espera por um futuro gozoso faz o tempo ser reconhecido como um hiato entre a presente tristeza e a ulterior alegria, o que torna leve e f\u00e1cil relevar as moment\u00e2neas adversidades postas na nossa breve e feliz caminhada sobre este lindo e maravilhoso planeta.<\/p>\n","protected":false},"excerpt":{"rendered":"<p>Tempo de leitura: 3 minutosSady Fernandes de Arag\u00e3o J\u00fanior \u00e9 Engenheiro Agr\u00f4nomo e Perito Criminal do Governo do Estado de [&hellip;]<\/p>\n","protected":false},"author":1,"featured_media":10341,"parent":0,"menu_order":0,"comment_status":"closed","ping_status":"closed","template":"","meta":[],"_links":{"self":[{"href":"https:\/\/obeabadosertao.com.br\/portal\/wp-json\/wp\/v2\/pages\/10339"}],"collection":[{"href":"https:\/\/obeabadosertao.com.br\/portal\/wp-json\/wp\/v2\/pages"}],"about":[{"href":"https:\/\/obeabadosertao.com.br\/portal\/wp-json\/wp\/v2\/types\/page"}],"author":[{"embeddable":true,"href":"https:\/\/obeabadosertao.com.br\/portal\/wp-json\/wp\/v2\/users\/1"}],"replies":[{"embeddable":true,"href":"https:\/\/obeabadosertao.com.br\/portal\/wp-json\/wp\/v2\/comments?post=10339"}],"version-history":[{"count":1,"href":"https:\/\/obeabadosertao.com.br\/portal\/wp-json\/wp\/v2\/pages\/10339\/revisions"}],"predecessor-version":[{"id":10342,"href":"https:\/\/obeabadosertao.com.br\/portal\/wp-json\/wp\/v2\/pages\/10339\/revisions\/10342"}],"wp:featuredmedia":[{"embeddable":true,"href":"https:\/\/obeabadosertao.com.br\/portal\/wp-json\/wp\/v2\/media\/10341"}],"wp:attachment":[{"href":"https:\/\/obeabadosertao.com.br\/portal\/wp-json\/wp\/v2\/media?parent=10339"}],"curies":[{"name":"wp","href":"https:\/\/api.w.org\/{rel}","templated":true}]}}