{"id":10343,"date":"2020-08-17T14:09:58","date_gmt":"2020-08-17T17:09:58","guid":{"rendered":"https:\/\/obeabadosertao.com.br\/portal\/?page_id=10343"},"modified":"2020-08-17T14:09:58","modified_gmt":"2020-08-17T17:09:58","slug":"ronilson-paz","status":"publish","type":"page","link":"https:\/\/obeabadosertao.com.br\/portal\/ronilson-paz\/","title":{"rendered":"Ronilson Paz"},"content":{"rendered":"<div id=\"tt-temp-estim\">Tempo de leitura: 2 minutos<\/div><blockquote><p><strong>Bacharel Graduado em Ci\u00eancias Biol\u00f3gicas. Mestre em Ci\u00eancias Biol\u00f3gicas. Especialista em Fundamentos da Educa\u00e7\u00e3o (UEPB\/2014) e em Educa\u00e7\u00e3o de Direitos Humanos (UFPB\/2015). Doutorando em Desenvolvimento e Meio Ambiente (PRODEMA\/UFPB). Analista Ambiental (IBAMA). Professor das disciplinas de Ci\u00eancias e de Biologia. Editor-chefe da Revista Brasileira de Gest\u00e3o Ambiental e Sustentabilidade e Editor-in-chief da Brazilian Journal of Biological Sciences.<\/strong><\/p><\/blockquote>\n<p>\u00a0<\/p>\n<p><strong>Visita\u00e7\u00e3o na \u00c1rea de Prote\u00e7\u00e3o Ambiental do N\u00e1ufrago Queimado como atra\u00e7\u00e3o tur\u00edstica da Para\u00edba.<\/strong><\/p>\n<p>As unidades de conserva\u00e7\u00e3o s\u00e3o \u00e1reas definidas por \u00f3rg\u00e3os governamentais, para a prote\u00e7\u00e3o e conserva\u00e7\u00e3o da biodiversidade e\/ou beleza c\u00eanica da \u00e1rea existente no local. Considerando estas premissas, a elabora\u00e7\u00e3o de um plano de visita\u00e7\u00e3o para as unidades de conserva\u00e7\u00e3o do Estado da Para\u00edba poderia ser um instrumento que poderia alavancar o ecoturismo no estado.<\/p>\n<p>A \u00c1rea de Prote\u00e7\u00e3o Ambiental do N\u00e1ufrago Queimado \u00e9 uma unidade de conserva\u00e7\u00e3o criada pelo Decreto n\u00ba 38.931\/2018 do Governo da Para\u00edba, que tem como objetivos proteger a diversidade biol\u00f3gica marinha, atrav\u00e9s do disciplinamento do processo de ocupa\u00e7\u00e3o e contribuindo com a organiza\u00e7\u00e3o das atividades econ\u00f4micas compat\u00edveis com a conserva\u00e7\u00e3o ambiental, bem como assegurar a sustentabilidade do uso dos recursos naturais e protege o patrim\u00f4nio arqueol\u00f3gico marinho, em especial as embarca\u00e7\u00f5es naufragadas conhecidas por Alice, Alvarenga e Queimado.<\/p>\n<div class=\"google-auto-placed ap_container\"><ins class=\"adsbygoogle adsbygoogle-noablate\" data-ad-format=\"auto\" data-ad-client=\"ca-pub-4843574473673264\" data-adsbygoogle-status=\"done\"><ins id=\"aswift_5_expand\"><ins id=\"aswift_5_anchor\"><iframe id=\"aswift_5\" src=\"https:\/\/googleads.g.doubleclick.net\/pagead\/ads?client=ca-pub-4843574473673264&#038;output=html&#038;h=90&#038;adk=1826399378&#038;adf=253399278&#038;w=845&#038;fwrn=4&#038;fwrnh=100&#038;lmt=1597684153&#038;num_ads=1&#038;rafmt=1&#038;armr=3&#038;sem=mc&#038;pwprc=6408098386&#038;tp=site_kit&#038;psa=1&#038;guci=2.2.0.0.2.2.0.0&#038;ad_type=text_image&#038;format=845x90&#038;url=https%3A%2F%2Fobeabadosertao.com.br%2Fportal%2F2020%2F07%2F03%2Fronilson-paz%2F&#038;flash=0&#038;fwr=0&#038;pra=3&#038;rh=200&#038;rw=845&#038;rpe=1&#038;resp_fmts=3&#038;wgl=1&#038;fa=27&#038;adsid=ChAI8NXo-QUQjpSW37fhsp1aEjsA-FBWzuqSErx_IZDJiIyn2D7AMkhR-o8LTJ2bh3OfVZBXiItlAjb0SJR3i2ABCDBX_IGX5_DPD6f_YQ&#038;dt=1597684153651&#038;bpp=4&#038;bdt=984&#038;idt=-M&#038;shv=r20200810&#038;cbv=r20190131&#038;ptt=9&#038;saldr=aa&#038;abxe=1&#038;cookie=ID%3D89e43ed365c62a61%3AT%3D1592577752%3AS%3DALNI_MbvHkjgs6UhHoYFpHNq24jaADTbVg&#038;prev_fmts=0x0%2C255x186%2C255x186%2C255x186%2C540x280&#038;nras=2&#038;correlator=3000978528001&#038;frm=20&#038;pv=1&#038;ga_vid=1310939065.1595418003&#038;ga_sid=1597684153&#038;ga_hid=1210504344&#038;ga_fc=0&#038;iag=0&#038;icsg=2408105738677247&#038;dssz=45&#038;mdo=0&#038;mso=0&#038;u_tz=-180&#038;u_his=1&#038;u_java=0&#038;u_h=1080&#038;u_w=1920&#038;u_ah=1040&#038;u_aw=1920&#038;u_cd=24&#038;u_nplug=3&#038;u_nmime=4&#038;adx=382&#038;ady=1024&#038;biw=1903&#038;bih=920&#038;scr_x=0&#038;scr_y=0&#038;eid=42530557%2C42530559%2C21066154%2C21066922%2C21066392&#038;oid=3&#038;pvsid=3196763889516358&#038;pem=47&#038;ref=https%3A%2F%2Fobeabadosertao.com.br%2Fportal%2Fcategory%2Fcolaboradores%2F&#038;rx=0&#038;eae=0&#038;fc=1408&#038;brdim=0%2C0%2C0%2C0%2C1920%2C0%2C1920%2C1040%2C1920%2C920&#038;vis=1&#038;rsz=%7C%7Cs%7C&#038;abl=NS&#038;fu=8320&#038;bc=31&#038;jar=2020-08-17-15&#038;ifi=5&#038;uci=a!5&#038;btvi=5&#038;fsb=1&#038;xpc=5lBmBtihin&#038;p=https%3A\/\/obeabadosertao.com.br&#038;dtd=25\" name=\"aswift_5\" width=\"845\" height=\"90\" frameborder=\"0\" marginwidth=\"0\" marginheight=\"0\" scrolling=\"no\" sandbox=\"allow-forms allow-pointer-lock allow-popups allow-popups-to-escape-sandbox allow-same-origin allow-scripts allow-top-navigation-by-user-activation\" allowfullscreen=\"allowfullscreen\" data-google-container-id=\"a!5\" data-google-query-id=\"CNyN8KPdousCFQRoFQgd3KcDmg\" data-load-complete=\"true\" data-mce-fragment=\"1\"><\/iframe><\/ins><\/ins><\/ins><\/div>\n<p><strong><br \/>\nFauna encontrada nos naufr\u00e1gios da Para\u00edba. (A) Presen\u00e7a de cardume associado a estrutura do naufr\u00e1gio; (B) Raia prego (Dasyatis americana); (C) Polvo; (D). Tartaruga Verde (Chelonia mydas).<\/strong><strong><br \/>\n<\/strong><br \/>\nO navio naufragado Queimado, que d\u00e1 nome \u00e0 unidade de conserva\u00e7\u00e3o, foi constru\u00eddo em 1967 e era utilizado para realizar troca de correspond\u00eancias entre Brasil e os Estados Unidos at\u00e9 pegar fogo e afundar pr\u00f3ximo \u00e0 Praia de Tamba\u00fa, em Jo\u00e3o Pessoa. Al\u00e9m desta embarca\u00e7\u00e3o h\u00e1 outras que s\u00e3o conhecidas dos mergulhadores que frequentam a regi\u00e3o.<\/p>\n<p>A ideia \u00e9 produzir um plano de visita\u00e7\u00e3o da \u00c1rea de Prote\u00e7\u00e3o Ambiental do N\u00e1ufrago Queimado que pudesse estimular os turistas para a regi\u00e3o, que favoreceria a ocupa\u00e7\u00e3o hoteleira, principalmente na \u00e9poca da estiagem e orientasse os visitantes sobre as raz\u00f5es hist\u00f3ricas da presen\u00e7a das embarca\u00e7\u00f5es Alice, Alvarenga e Queimado na \u00e1rea. Al\u00e9m disto, este plano poderia fornecer emprego e renda para a popula\u00e7\u00e3o local que poderia vender lembran\u00e7as sobre as embarca\u00e7\u00f5es, bem como movimentar o servi\u00e7o de mergulho.<\/p>\n<p><img fetchpriority=\"high\" decoding=\"async\" src=\"https:\/\/www.obeabadosertao.com.br\/v3\/UserFiles\/Image\/colaboradores\/ronilson_paz\/residuos_naufragio_queimado%20_465_349.JPG\" alt=\"\" width=\"465\" height=\"349\" \/><\/p>\n","protected":false},"excerpt":{"rendered":"<p>Tempo de leitura: 2 minutosBacharel Graduado em Ci\u00eancias Biol\u00f3gicas. Mestre em Ci\u00eancias Biol\u00f3gicas. Especialista em Fundamentos da Educa\u00e7\u00e3o (UEPB\/2014) e [&hellip;]<\/p>\n","protected":false},"author":1,"featured_media":10345,"parent":0,"menu_order":0,"comment_status":"closed","ping_status":"closed","template":"","meta":[],"_links":{"self":[{"href":"https:\/\/obeabadosertao.com.br\/portal\/wp-json\/wp\/v2\/pages\/10343"}],"collection":[{"href":"https:\/\/obeabadosertao.com.br\/portal\/wp-json\/wp\/v2\/pages"}],"about":[{"href":"https:\/\/obeabadosertao.com.br\/portal\/wp-json\/wp\/v2\/types\/page"}],"author":[{"embeddable":true,"href":"https:\/\/obeabadosertao.com.br\/portal\/wp-json\/wp\/v2\/users\/1"}],"replies":[{"embeddable":true,"href":"https:\/\/obeabadosertao.com.br\/portal\/wp-json\/wp\/v2\/comments?post=10343"}],"version-history":[{"count":1,"href":"https:\/\/obeabadosertao.com.br\/portal\/wp-json\/wp\/v2\/pages\/10343\/revisions"}],"predecessor-version":[{"id":10346,"href":"https:\/\/obeabadosertao.com.br\/portal\/wp-json\/wp\/v2\/pages\/10343\/revisions\/10346"}],"wp:featuredmedia":[{"embeddable":true,"href":"https:\/\/obeabadosertao.com.br\/portal\/wp-json\/wp\/v2\/media\/10345"}],"wp:attachment":[{"href":"https:\/\/obeabadosertao.com.br\/portal\/wp-json\/wp\/v2\/media?parent=10343"}],"curies":[{"name":"wp","href":"https:\/\/api.w.org\/{rel}","templated":true}]}}