{"id":10347,"date":"2020-08-17T14:12:30","date_gmt":"2020-08-17T17:12:30","guid":{"rendered":"https:\/\/obeabadosertao.com.br\/portal\/?page_id=10347"},"modified":"2023-04-24T12:34:17","modified_gmt":"2023-04-24T15:34:17","slug":"orniudo-fernandes","status":"publish","type":"page","link":"https:\/\/obeabadosertao.com.br\/portal\/orniudo-fernandes\/","title":{"rendered":"Orniudo Fernandes"},"content":{"rendered":"<div id=\"tt-temp-estim\">Tempo de leitura: 3 minutos<\/div><blockquote><p><strong>M\u00e9dico cl\u00ednico-infectologista. Membro da C\u00e2mara de Infectologia do CRM-PB. Professor Adjunto aposentado da Universidade Federal da Para\u00edba. Membro Titular da Academia Paraibana de Medicina e Presidente da Comiss\u00e3o de Controle de Infec\u00e7\u00e3o Hospitalar, do Hospital Napole\u00e3o Laureano de Jo\u00e3o Pessoa(PB).<\/strong><\/p><\/blockquote>\n<p><strong>Com o meio ambiente em que vive<\/strong><\/p>\n<p>O avan\u00e7o tecnol\u00f3gico trouxe o mundo para dentro dos lares, atrav\u00e9s do computador, da internet, do telefone celular e de in\u00fameros aparelhos sofisticados, que podem tamb\u00e9m contribuir para o distanciamento, para a falta de comunica\u00e7\u00e3o e para o desrespeito entre os componentes da fam\u00edlia, avan\u00e7ando para desumanizar.<\/p>\n<p>A crian\u00e7a que fica em casa aos cuidados da bab\u00e1, ou da empregada, sem o apoio dos pais, que se dedicam cada vez mais ao labor, com intuito da sua progress\u00e3o profissional, ou mesmo porque necessitam de trabalhar para ter condi\u00e7\u00f5es de manter a casa, fica prejudicada pela falta de carinho e aten\u00e7\u00e3o, pilares para o seu desenvolvimento equilibrado. Crian\u00e7as que s\u00e3o colocadas em creches que n\u00e3o t\u00eam a aten\u00e7\u00e3o dos genitores, ap\u00f3s as atividades di\u00e1rias, tendem a ter comportamento rebelde.<\/p>\n<div class=\"google-auto-placed ap_container\"><ins class=\"adsbygoogle adsbygoogle-noablate\" data-ad-format=\"auto\" data-ad-client=\"ca-pub-4843574473673264\" data-adsbygoogle-status=\"done\"><ins id=\"aswift_5_expand\"><ins id=\"aswift_5_anchor\"><iframe id=\"aswift_5\" src=\"https:\/\/googleads.g.doubleclick.net\/pagead\/ads?client=ca-pub-4843574473673264&amp;output=html&amp;h=250&amp;adk=3446145&amp;adf=253399278&amp;w=845&amp;fwrn=4&amp;fwrnh=100&amp;lmt=1597684316&amp;num_ads=1&amp;rafmt=1&amp;armr=3&amp;sem=mc&amp;pwprc=6408098386&amp;tp=site_kit&amp;psa=1&amp;guci=2.2.0.0.2.2.0.0&amp;ad_type=text_image&amp;format=845x250&amp;url=https%3A%2F%2Fobeabadosertao.com.br%2Fportal%2F2020%2F07%2F03%2Forniudo-fernandes%2F&amp;flash=0&amp;fwr=0&amp;pra=3&amp;rh=200&amp;rw=845&amp;rpe=1&amp;resp_fmts=3&amp;wgl=1&amp;fa=27&amp;adsid=ChAI8NXo-QUQjpSW37fhsp1aEjsA-FBWztjaPZ7RxwISansyorzYCA9ov9acz5at-_xV_OxLUxkGuXHs52G8UwTeU0TfeoEv-AjgUm5lWQ&amp;dt=1597684303801&amp;bpp=2&amp;bdt=965&amp;idt=2&amp;shv=r20200810&amp;cbv=r20190131&amp;ptt=9&amp;saldr=aa&amp;abxe=1&amp;cookie=ID%3D89e43ed365c62a61%3AT%3D1592577752%3AS%3DALNI_MbvHkjgs6UhHoYFpHNq24jaADTbVg&amp;prev_fmts=0x0%2C255x186&amp;nras=2&amp;correlator=2224619234330&amp;frm=20&amp;pv=1&amp;ga_vid=1310939065.1595418003&amp;ga_sid=1597684303&amp;ga_hid=1464629223&amp;ga_fc=0&amp;iag=0&amp;icsg=156305924991999&amp;dssz=45&amp;mdo=0&amp;mso=0&amp;u_tz=-180&amp;u_his=1&amp;u_java=0&amp;u_h=1080&amp;u_w=1920&amp;u_ah=1040&amp;u_aw=1920&amp;u_cd=24&amp;u_nplug=3&amp;u_nmime=4&amp;adx=382&amp;ady=936&amp;biw=1903&amp;bih=920&amp;scr_x=0&amp;scr_y=0&amp;eid=42530557%2C42530559%2C21066154&amp;oid=3&amp;pvsid=1764445203659618&amp;pem=47&amp;ref=https%3A%2F%2Fobeabadosertao.com.br%2Fportal%2Fcategory%2Fcolaboradores%2F&amp;rx=0&amp;eae=0&amp;fc=1408&amp;brdim=0%2C0%2C0%2C0%2C1920%2C0%2C1920%2C1040%2C1920%2C920&amp;vis=1&amp;rsz=%7C%7Cs%7C&amp;abl=NS&amp;fu=8320&amp;bc=31&amp;jar=2020-08-17-15&amp;ifi=5&amp;uci=a!5&amp;btvi=2&amp;fsb=1&amp;xpc=537ilqTybd&amp;p=https%3A\/\/obeabadosertao.com.br&amp;dtd=12727\" name=\"aswift_5\" width=\"845\" height=\"250\" frameborder=\"0\" marginwidth=\"0\" marginheight=\"0\" scrolling=\"no\" sandbox=\"allow-forms allow-pointer-lock allow-popups allow-popups-to-escape-sandbox allow-same-origin allow-scripts allow-top-navigation-by-user-activation\" allowfullscreen=\"allowfullscreen\" data-google-container-id=\"a!5\" data-google-query-id=\"CMOaxvHdousCFY9IFQgd8JkKIw\" data-load-complete=\"true\" data-mce-fragment=\"1\"><\/iframe><\/ins><\/ins><\/ins><\/div>\n<p>\u00c9 necess\u00e1rio um controle sobre os equipamentos da vida moderna, a fim de se contribuir para um futuro promissor.<\/p>\n<p>Humaniza\u00e7\u00e3o est\u00e1 diretamente ligada a aten\u00e7\u00e3o, envolvimento, compreens\u00e3o, ren\u00fancia e, sobretudo, amor. A humaniza\u00e7\u00e3o est\u00e1 atrelada a v\u00e1rias \u00e1reas das ci\u00eancias: exatas, sa\u00fade, aplicadas, econ\u00f4micas etc.<\/p>\n<p>O que constatamos atualmente, em todos os campos de atividade humana, nos entristece.<\/p>\n<p>Na \u00e1rea da sa\u00fade especificamente, em que lidamos com seres humanos, estamos verdadeiramente atendendo humanitariamente os nossos pacientes? Diariamente, ouvimos, assistimos, atrav\u00e9s das emissoras de r\u00e1dio, televis\u00e3o, ou nas m\u00eddias sociais, not\u00edcias que denigrem os profissionais da \u00e1rea da sa\u00fade, que trabalham em institui\u00e7\u00f5es p\u00fablicas, nas esferas federais, municipais ou, at\u00e9 mesmo, na rede privada ou em consult\u00f3rios particulares, decorrentes de atendimentos inadequados, apressados e desrespeitosos. Sabemos da grave situa\u00e7\u00e3o da sa\u00fade em todos os estados e munic\u00edpios brasileiros. Sabemos tamb\u00e9m da cria\u00e7\u00e3o e instala\u00e7\u00e3o de faculdades de medicina, em todo o territ\u00f3rio nacional, sem consulta ao Conselho Federal de Medicina, fortalecendo apenas o interesse pol\u00edtico em detrimento de forma\u00e7\u00e3o qualificada do profissional que ir\u00e1 lidar com vidas. Ser\u00e1 que os receberam aulas sobre humaniza\u00e7\u00e3o?.<\/p>\n<p>Os pacientes que procuram atendimento m\u00e9dico em ambulat\u00f3rio, consult\u00f3rio ou no \u00e2mbito hospitalar, chegam fragilizados, na esperan\u00e7a de encontrar uma atitude alentadora, de esperan\u00e7a, sobretudo, humanizada.<\/p>\n<p>\u00c9 preciso urgentemente incluir-se na grade curricular uma cadeira sobre humaniza\u00e7\u00e3o ou, se n\u00e3o for poss\u00edvel, uma integra\u00e7\u00e3o com curso que j\u00e1 administra tal disciplina.<\/p>\n<p>Vivemos em situa\u00e7\u00e3o de p\u00e2nico, com medo da viol\u00eancia no tr\u00e2nsito, dos assaltos, sequestros, do avan\u00e7o das drogas, dos pres\u00eddios superlotados, das agress\u00f5es nos asilos, creches, nos centros de recupera\u00e7\u00e3o e educa\u00e7\u00e3o de crian\u00e7as e adolescentes. Todas as situa\u00e7\u00f5es acima descritas t\u00eam em comum como fator determinante : uma vida desumana.<\/p>\n<p>Que dizer das guerras no Oriente M\u00e9dio, dos refugiados dos conflitos em v\u00e1rias partes do mundo? Que dizer das crian\u00e7as famintas no continente africano, e outros pa\u00edses em desenvolvimento, incluindo o Brasil, diante dessa seca prolongada? Que dizer das crian\u00e7as e adultos que est\u00e3o dormindo sob pontes, bancos de pra\u00e7as, viadutos,pedindo dinheiro ou comida, nas ruas ou sinais de transito, nas grandes metr\u00f3poles ecidades de nossa na\u00e7\u00e3o? Que dizer das pessoas que est\u00e3o sendo degoladas por fan\u00e1ticos religiosos, do estado isl\u00e2mico, verdadeiros carrascos em pleno s\u00e9culo XXI?<\/p>\n<p>H\u00e1 somente uma resposta \u2013 FALTA DE HUMANIZA\u00c7\u00c3O.<\/p>\n","protected":false},"excerpt":{"rendered":"<p>Tempo de leitura: 3 minutosM\u00e9dico cl\u00ednico-infectologista. Membro da C\u00e2mara de Infectologia do CRM-PB. Professor Adjunto aposentado da Universidade Federal da [&hellip;]<\/p>\n","protected":false},"author":1,"featured_media":10349,"parent":0,"menu_order":0,"comment_status":"closed","ping_status":"closed","template":"","meta":[],"_links":{"self":[{"href":"https:\/\/obeabadosertao.com.br\/portal\/wp-json\/wp\/v2\/pages\/10347"}],"collection":[{"href":"https:\/\/obeabadosertao.com.br\/portal\/wp-json\/wp\/v2\/pages"}],"about":[{"href":"https:\/\/obeabadosertao.com.br\/portal\/wp-json\/wp\/v2\/types\/page"}],"author":[{"embeddable":true,"href":"https:\/\/obeabadosertao.com.br\/portal\/wp-json\/wp\/v2\/users\/1"}],"replies":[{"embeddable":true,"href":"https:\/\/obeabadosertao.com.br\/portal\/wp-json\/wp\/v2\/comments?post=10347"}],"version-history":[{"count":3,"href":"https:\/\/obeabadosertao.com.br\/portal\/wp-json\/wp\/v2\/pages\/10347\/revisions"}],"predecessor-version":[{"id":16512,"href":"https:\/\/obeabadosertao.com.br\/portal\/wp-json\/wp\/v2\/pages\/10347\/revisions\/16512"}],"wp:featuredmedia":[{"embeddable":true,"href":"https:\/\/obeabadosertao.com.br\/portal\/wp-json\/wp\/v2\/media\/10349"}],"wp:attachment":[{"href":"https:\/\/obeabadosertao.com.br\/portal\/wp-json\/wp\/v2\/media?parent=10347"}],"curies":[{"name":"wp","href":"https:\/\/api.w.org\/{rel}","templated":true}]}}