{"id":10359,"date":"2020-08-17T14:14:53","date_gmt":"2020-08-17T17:14:53","guid":{"rendered":"https:\/\/obeabadosertao.com.br\/portal\/?page_id=10359"},"modified":"2020-08-17T14:36:41","modified_gmt":"2020-08-17T17:36:41","slug":"jose-antonio","status":"publish","type":"page","link":"https:\/\/obeabadosertao.com.br\/portal\/jose-antonio\/","title":{"rendered":"Jos\u00e9 Ant\u00f4nio"},"content":{"rendered":"<div id=\"tt-temp-estim\">Tempo de leitura: 4 minutos<\/div><blockquote><p><strong>Jos\u00e9 Ant\u00f4nio \u00e9 Jornalista, empres\u00e1rio e professor da UFCG.<\/strong><\/p><\/blockquote>\n<p><strong>DIFICULDADES I<\/strong><br \/>\nO prefeito de Cajazeiras, m\u00e9dico Jos\u00e9 Aldemir, diante das dificuldades de pagar ao funcionalismo, pelo menos at\u00e9 o quinto dia \u00fatil do m\u00eas, teria urgentemente que sentar em derredor de uma mesa, com t\u00e9cnicos especializados em finan\u00e7as e estudar as possibilidades de tirar a sua gest\u00e3o desta inc\u00f4moda situa\u00e7\u00e3o de a cada m\u00eas ir prolongando o dia de zerar a folha de pessoal do munic\u00edpio.<\/p>\n<p><strong>DIFICULDADES II<\/strong><br \/>\nOutra sa\u00edda para o prefeito Z\u00e9 Aldemir seria demitir pelo menos 50% dos comissionados e contratados, mas esta solu\u00e7\u00e3o o prefeito n\u00e3o quer nem saber, porque teria um peso pol\u00edtico muito grande diante das elei\u00e7\u00f5es que se aproximam fato que com certeza minguaria os votos para sua reelei\u00e7\u00e3o.<\/p>\n<p><strong>N\u00c3O TEM ACORDO I<\/strong><br \/>\nO deputado estadual Jeov\u00e1 Campos(PSB), continua firme e forte e com disposi\u00e7\u00e3o de ir pra disputa da prefeitura de Cajazeiras, tendo como candidato a prefeito o seu irm\u00e3o Marquinhos Campos(PSB). Mesmo neste per\u00edodo de isolamento tem sido visto circulando por alguns pontos da cidade e conversando com as pessoas e fazendo propaganda de seu candidato.<\/p>\n<div class=\"google-auto-placed ap_container\"><ins class=\"adsbygoogle adsbygoogle-noablate\" data-ad-format=\"auto\" data-ad-client=\"ca-pub-4843574473673264\" data-adsbygoogle-status=\"done\"><ins id=\"aswift_5_expand\"><ins id=\"aswift_5_anchor\"><iframe id=\"aswift_5\" src=\"https:\/\/googleads.g.doubleclick.net\/pagead\/ads?client=ca-pub-4843574473673264&#038;output=html&#038;h=250&#038;adk=3446145&#038;adf=253399278&#038;w=845&#038;fwrn=4&#038;fwrnh=100&#038;lmt=1597684445&#038;num_ads=1&#038;rafmt=1&#038;armr=3&#038;sem=mc&#038;pwprc=6408098386&#038;tp=site_kit&#038;psa=1&#038;guci=2.2.0.0.2.2.0.0&#038;ad_type=text_image&#038;format=845x250&#038;url=https%3A%2F%2Fobeabadosertao.com.br%2Fportal%2F2020%2F07%2F01%2Fjose-antonio%2F&#038;flash=0&#038;fwr=0&#038;pra=3&#038;rh=200&#038;rw=845&#038;rpe=1&#038;resp_fmts=3&#038;wgl=1&#038;fa=27&#038;adsid=ChAI8NXo-QUQjpSW37fhsp1aEjsA-FBWzoAn6knGFopOi5v9e2sHNI77t14Zz3Fv1mr1F1p2i7JvE45VsyfyOyD796SMZkbpqFKXKGLFLQ&#038;dt=1597684402670&#038;bpp=2&#038;bdt=786&#038;idt=3&#038;shv=r20200810&#038;cbv=r20190131&#038;ptt=9&#038;saldr=aa&#038;abxe=1&#038;cookie=ID%3D89e43ed365c62a61%3AT%3D1592577752%3AS%3DALNI_MbvHkjgs6UhHoYFpHNq24jaADTbVg&#038;prev_fmts=0x0%2C255x186%2C255x186%2C255x186%2C540x280&#038;nras=2&#038;correlator=5550030815052&#038;frm=20&#038;pv=1&#038;ga_vid=1310939065.1595418003&#038;ga_sid=1597684402&#038;ga_hid=1361563783&#038;ga_fc=0&#038;iag=0&#038;icsg=2408105738677247&#038;dssz=45&#038;mdo=0&#038;mso=0&#038;u_tz=-180&#038;u_his=1&#038;u_java=0&#038;u_h=1080&#038;u_w=1920&#038;u_ah=1040&#038;u_aw=1920&#038;u_cd=24&#038;u_nplug=3&#038;u_nmime=4&#038;adx=382&#038;ady=971&#038;biw=1903&#038;bih=920&#038;scr_x=0&#038;scr_y=0&#038;eid=42530557%2C42530559%2C21066154%2C21066898&#038;oid=3&#038;pvsid=4275904788800372&#038;pem=47&#038;ref=https%3A%2F%2Fobeabadosertao.com.br%2Fportal%2Fcategory%2Fcolaboradores%2F&#038;rx=0&#038;eae=0&#038;fc=1408&#038;brdim=0%2C0%2C0%2C0%2C1920%2C0%2C0%2C0%2C1920%2C920&#038;vis=1&#038;rsz=%7C%7Cs%7C&#038;abl=NS&#038;fu=8320&#038;bc=31&#038;jar=2020-08-17-15&#038;ifi=5&#038;uci=a!5&#038;btvi=5&#038;fsb=1&#038;xpc=hYjA4Porqp&#038;p=https%3A\/\/obeabadosertao.com.br&#038;dtd=42483\" name=\"aswift_5\" width=\"845\" height=\"250\" frameborder=\"0\" marginwidth=\"0\" marginheight=\"0\" scrolling=\"no\" sandbox=\"allow-forms allow-pointer-lock allow-popups allow-popups-to-escape-sandbox allow-same-origin allow-scripts allow-top-navigation-by-user-activation\" allowfullscreen=\"allowfullscreen\" data-google-container-id=\"a!5\" data-google-query-id=\"CNjz7a7eousCFZ9kFQgdSXMB_A\" data-load-complete=\"true\" data-mce-fragment=\"1\"><\/iframe><\/ins><\/ins><\/ins><\/div>\n<p><strong>N\u00c3O TEM ACORDO II<\/strong><br \/>\nIndagado sobre a possibilidade da uni\u00e3o com a outra banda das oposi\u00e7\u00f5es de Cajazeiras, tem dito que \u00e9 muito f\u00e1cil de ser realizada: \u00e9 s\u00f3 aceitar o seu irm\u00e3o como cabe\u00e7a de chapa e o vice poder\u00e1 ser qualquer um, at\u00e9 mesmo a ex-prefeita Denise. Um aliado de Dra. Denise teria dito: nestes tempos de pandemia e isolamento, Jeov\u00e1 teria perdido o ju\u00edzo ao fazer esta proposta.<\/p>\n<p><strong>SEM MEDO<\/strong><br \/>\nO prefeito de Bernardino Batista tem afirmado que n\u00e3o est\u00e1 com um pingo de medo de seu candidato a prefeito, Aldo Andrade, perder as elei\u00e7\u00f5es. Tem pesquisa em m\u00e3os que mostram que o candidato que ele indicar teria 65% de aprova\u00e7\u00e3o. Em junho vai mandar realizar outra pesquisa e tem certeza que estes n\u00fameros ir\u00e3o aumentar.<\/p>\n<p><strong>AVES DE RAPINA<\/strong><br \/>\nNestes tempos de pandemia e isolamento e de uma braba crise, s\u00f3 servem mesmo para as \u201c<em>aves de rapina<\/em>\u201d ganhar mais dinheiro: quem est\u00e1 reabastecendo a sua dispensa tem dito que \u00e9 um verdadeiro assalto o que vem sendo praticado pelo mercado: os pre\u00e7os, at\u00e9 mesmo da cesta b\u00e1sica, t\u00eam subido diariamente.<\/p>\n<p><strong>PROMESSA CUMPRIDA<\/strong><br \/>\nA Dra. Paula Francinete prometeu que um m\u00eas de seu sal\u00e1rio, como deputada estadual, seria destinado para o programa \u201c<em>Cajazeiras Solid\u00e1ria<\/em>\u201d, que \u00e9 coordenado pela Diocese de Cajazeiras. Este e com outros recursos ser\u00e3o adquiridos cestas b\u00e1sicas para a popula\u00e7\u00e3o de baixa renda. Dra. Paula: \u201c<em>este meu gesto \u00e9 uma heran\u00e7a e um ensinamento de minha m\u00e3e com quem vi e aprendi a ser solid\u00e1ria<\/em>\u201d.<\/p>\n<p><strong>A NECESSIDADE FALA MAIS ALTO<\/strong><br \/>\nEm Cajazeiras, as filas que se formam em derredor das lot\u00e9ricas e da Caixa Econ\u00f4mica Federal, d\u00e3o voltas nos quarteir\u00f5es. Centenas de pessoas, sem obedecer \u00e0 orienta\u00e7\u00e3o de dois metros de dist\u00e2ncia, pensam apenas em por no bolso a ajuda de 600 reais que o governo federal est\u00e1 enviando para milh\u00f5es de brasileiros que foram atingidos pela pandemia do coronavirus.\u00a0<em>As consequ\u00eancias<\/em>? S\u00f3 o tempo vai responder.<\/p>\n<p><strong>QUANTOS RECEBER\u00c3O?<\/strong><br \/>\nImagina-se que dos mais de 60 mil habitantes do munic\u00edpio de Cajazeiras, na pior das hip\u00f3teses, a metade poder\u00e1 receber a ajuda de 600 reais, al\u00e9m de centenas de empresas, que para escapar da crise, reduziram no m\u00ednimo 50% da jornada de trabalho de seus empregados. O volume de recursos extras que vai aportar no munic\u00edpio, segundo estimativas, dever\u00e1 ultrapassar os dez milh\u00f5es de reais.<\/p>\n<p><strong>QUEM IMAGINARIA?<\/strong><br \/>\nO petr\u00f3leo, a riqueza mais disputada no mundo e por ele as guerras entre as grandes pot\u00eancias nunca cessaram, perdeu recentemente o seu valor. Uma d\u00fazia de banana, num destes dias de pandemia, estava com mais valor que um barril de petr\u00f3leo. Para conter a queda, os maiores produtores do mundo diminu\u00edram a sua produ\u00e7\u00e3o.\u00a0<em>E a gasolina custando apenas 95 centavos o litro<\/em>? Mas este pre\u00e7o, devido \u00e0 gan\u00e2ncia das distribuidoras e dos donos das bombas jamais chegar\u00e1 ao tanque dos carros.<\/p>\n<p><strong>DE OLHO<\/strong><br \/>\nO Minist\u00e9rio P\u00fablico Eleitoral, no \u00e2mbito da 68\u00aa zona eleitoral de Cajazeiras, baixou uma RECOMENDA\u00c7\u00c3O para estabelecer diretrizes com os gastos dos gestores p\u00fablicos dos recursos oriundos da pandemia pelo novo coronavirus, citando que os mesmos n\u00e3o podem e nem devem fazer uso promocional em favor de candidato ou partido pol\u00edtico, por se tratar de conduta vedada e que saber antecipadamente ou no prazo de cinco dias para quem foi distribu\u00eddo gratuitamente bens, servi\u00e7os, valores ou benef\u00edcios. A\u00ed o bicho vai pegar!.<\/p>\n<p><strong>* Coluna transcrita do\u00a0Jornal Gazeta do Alto Piranhas. O jornal de maior circula\u00e7\u00e3o na regi\u00e3o do Alto Sert\u00e3o da Para\u00edba.<\/strong><\/p>\n","protected":false},"excerpt":{"rendered":"<p>Tempo de leitura: 4 minutosJos\u00e9 Ant\u00f4nio \u00e9 Jornalista, empres\u00e1rio e professor da UFCG. DIFICULDADES I O prefeito de Cajazeiras, m\u00e9dico [&hellip;]<\/p>\n","protected":false},"author":1,"featured_media":0,"parent":0,"menu_order":0,"comment_status":"closed","ping_status":"closed","template":"","meta":[],"_links":{"self":[{"href":"https:\/\/obeabadosertao.com.br\/portal\/wp-json\/wp\/v2\/pages\/10359"}],"collection":[{"href":"https:\/\/obeabadosertao.com.br\/portal\/wp-json\/wp\/v2\/pages"}],"about":[{"href":"https:\/\/obeabadosertao.com.br\/portal\/wp-json\/wp\/v2\/types\/page"}],"author":[{"embeddable":true,"href":"https:\/\/obeabadosertao.com.br\/portal\/wp-json\/wp\/v2\/users\/1"}],"replies":[{"embeddable":true,"href":"https:\/\/obeabadosertao.com.br\/portal\/wp-json\/wp\/v2\/comments?post=10359"}],"version-history":[{"count":2,"href":"https:\/\/obeabadosertao.com.br\/portal\/wp-json\/wp\/v2\/pages\/10359\/revisions"}],"predecessor-version":[{"id":10363,"href":"https:\/\/obeabadosertao.com.br\/portal\/wp-json\/wp\/v2\/pages\/10359\/revisions\/10363"}],"wp:attachment":[{"href":"https:\/\/obeabadosertao.com.br\/portal\/wp-json\/wp\/v2\/media?parent=10359"}],"curies":[{"name":"wp","href":"https:\/\/api.w.org\/{rel}","templated":true}]}}