{"id":16385,"date":"2023-04-14T22:11:51","date_gmt":"2023-04-15T01:11:51","guid":{"rendered":"https:\/\/obeabadosertao.com.br\/portal\/?page_id=16385"},"modified":"2023-04-19T15:37:49","modified_gmt":"2023-04-19T18:37:49","slug":"antena","status":"publish","type":"page","link":"https:\/\/obeabadosertao.com.br\/portal\/antena\/","title":{"rendered":"Antena"},"content":{"rendered":"<div id=\"tt-temp-estim\">Tempo de leitura: 1 minuto<\/div><p>&nbsp;<\/p>\n<h3 style=\"text-align: center;\"><span style=\"color: #000080;\"><strong><em>Aqui voc\u00ea encontra as \u00faltimas reportagens, an\u00e1lises, opini\u00f5es e muita informa\u00e7\u00e3o.<\/em><\/strong><\/span><\/h3>\n<p>&nbsp;<\/p>\n<p>&nbsp;<\/p>\n","protected":false},"excerpt":{"rendered":"<p>Tempo de leitura: 1 minuto&nbsp; Aqui voc\u00ea encontra as \u00faltimas reportagens, an\u00e1lises, opini\u00f5es e muita informa\u00e7\u00e3o. &nbsp; &nbsp;<\/p>\n","protected":false},"author":1,"featured_media":16390,"parent":0,"menu_order":0,"comment_status":"closed","ping_status":"closed","template":"colaboradores.php","meta":[],"_links":{"self":[{"href":"https:\/\/obeabadosertao.com.br\/portal\/wp-json\/wp\/v2\/pages\/16385"}],"collection":[{"href":"https:\/\/obeabadosertao.com.br\/portal\/wp-json\/wp\/v2\/pages"}],"about":[{"href":"https:\/\/obeabadosertao.com.br\/portal\/wp-json\/wp\/v2\/types\/page"}],"author":[{"embeddable":true,"href":"https:\/\/obeabadosertao.com.br\/portal\/wp-json\/wp\/v2\/users\/1"}],"replies":[{"embeddable":true,"href":"https:\/\/obeabadosertao.com.br\/portal\/wp-json\/wp\/v2\/comments?post=16385"}],"version-history":[{"count":4,"href":"https:\/\/obeabadosertao.com.br\/portal\/wp-json\/wp\/v2\/pages\/16385\/revisions"}],"predecessor-version":[{"id":16389,"href":"https:\/\/obeabadosertao.com.br\/portal\/wp-json\/wp\/v2\/pages\/16385\/revisions\/16389"}],"wp:featuredmedia":[{"embeddable":true,"href":"https:\/\/obeabadosertao.com.br\/portal\/wp-json\/wp\/v2\/media\/16390"}],"wp:attachment":[{"href":"https:\/\/obeabadosertao.com.br\/portal\/wp-json\/wp\/v2\/media?parent=16385"}],"curies":[{"name":"wp","href":"https:\/\/api.w.org\/{rel}","templated":true}]}}